{"id":1506,"date":"2023-03-02T14:19:41","date_gmt":"2023-03-02T17:19:41","guid":{"rendered":"https:\/\/congresso.fenafim.org.br\/2023\/?page_id=1506"},"modified":"2023-11-23T14:44:20","modified_gmt":"2023-11-23T17:44:20","slug":"programacao","status":"publish","type":"page","link":"https:\/\/congresso.fenafim.org.br\/2023\/programacao\/","title":{"rendered":"Programa\u00e7\u00e3o"},"content":{"rendered":"\n<p><\/p>\n\n\n\n<figure class=\"wp-block-image size-large\"><img decoding=\"async\" src=\"https:\/\/i0.wp.com\/congresso.fenafim.org.br\/2023\/wp-content\/uploads\/2023\/10\/programacao1c.png?w=640&#038;ssl=1\" alt=\"Programa\u00e7\u00e3o\"  data-recalc-dims=\"1\"><\/figure>\n\n\n\n<figure class=\"wp-block-image size-large\"><img decoding=\"async\" src=\"https:\/\/i0.wp.com\/congresso.fenafim.org.br\/2023\/wp-content\/uploads\/2023\/10\/programacao2c.png?w=640&#038;ssl=1\" alt=\"Programa\u00e7\u00e3o\"  data-recalc-dims=\"1\"><\/figure>\n\n\n\n<figure class=\"wp-block-image size-large\"><img decoding=\"async\" src=\"https:\/\/i0.wp.com\/congresso.fenafim.org.br\/2023\/wp-content\/uploads\/2023\/10\/programacao3c.png?w=640&#038;ssl=1\" alt=\"Programa\u00e7\u00e3o\"  data-recalc-dims=\"1\"><\/figure>\n\n\n\n<figure class=\"wp-block-image size-large\"><img decoding=\"async\" src=\"https:\/\/i0.wp.com\/congresso.fenafim.org.br\/2023\/wp-content\/uploads\/2023\/11\/programacao4d.jpg?w=640&#038;ssl=1\" alt=\"Programa\u00e7\u00e3o\"  data-recalc-dims=\"1\"><\/figure>\n\n\n\n<p><strong>(*) Programa\u00e7\u00e3o sujeita a altera\u00e7\u00e3o sem aviso pr\u00e9vio.<\/strong><\/p>\n\n\n\n<div class=\"wp-block-columns is-layout-flex wp-container-core-columns-is-layout-1 wp-block-columns-is-layout-flex\">\n<div class=\"wp-block-column is-layout-flow wp-block-column-is-layout-flow\"><\/div>\n<\/div>\n","protected":false},"excerpt":{"rendered":"<p>(*) Programa\u00e7\u00e3o sujeita a altera\u00e7\u00e3o sem aviso pr\u00e9vio.<\/p>\n","protected":false},"author":1,"featured_media":0,"parent":0,"menu_order":0,"comment_status":"closed","ping_status":"closed","template":"","meta":{"om_disable_all_campaigns":false,"_monsterinsights_skip_tracking":false,"_monsterinsights_sitenote_active":false,"_monsterinsights_sitenote_note":"","_monsterinsights_sitenote_category":0,"footnotes":""},"aioseo_notices":[],"jetpack_sharing_enabled":true,"_links":{"self":[{"href":"https:\/\/congresso.fenafim.org.br\/2023\/wp-json\/wp\/v2\/pages\/1506"}],"collection":[{"href":"https:\/\/congresso.fenafim.org.br\/2023\/wp-json\/wp\/v2\/pages"}],"about":[{"href":"https:\/\/congresso.fenafim.org.br\/2023\/wp-json\/wp\/v2\/types\/page"}],"author":[{"embeddable":true,"href":"https:\/\/congresso.fenafim.org.br\/2023\/wp-json\/wp\/v2\/users\/1"}],"replies":[{"embeddable":true,"href":"https:\/\/congresso.fenafim.org.br\/2023\/wp-json\/wp\/v2\/comments?post=1506"}],"version-history":[{"count":41,"href":"https:\/\/congresso.fenafim.org.br\/2023\/wp-json\/wp\/v2\/pages\/1506\/revisions"}],"predecessor-version":[{"id":2220,"href":"https:\/\/congresso.fenafim.org.br\/2023\/wp-json\/wp\/v2\/pages\/1506\/revisions\/2220"}],"wp:attachment":[{"href":"https:\/\/congresso.fenafim.org.br\/2023\/wp-json\/wp\/v2\/media?parent=1506"}],"curies":[{"name":"wp","href":"https:\/\/api.w.org\/{rel}","templated":true}]}}