{"id":1538,"date":"2023-03-28T17:51:05","date_gmt":"2023-03-28T20:51:05","guid":{"rendered":"https:\/\/congresso.fenafim.org.br\/2023\/?page_id=1538"},"modified":"2023-11-23T16:08:38","modified_gmt":"2023-11-23T19:08:38","slug":"premio-fenafim","status":"publish","type":"page","link":"https:\/\/congresso.fenafim.org.br\/2023\/premio-fenafim\/","title":{"rendered":"Pr\u00eamio FENAFIM"},"content":{"rendered":"<p>O Pr\u00eamio FENAFIM \u00e9 considerado um dos mais importantes concursos de trabalhos cient\u00edficos do fisco brasileiro, cooperando para o fortalecimento institucional da nossa categoria e para o aprimoramento profissional dos servidores fiscais e de todos aqueles que atuam na esfera da Administra\u00e7\u00e3o Tribut\u00e1ria Municipal.<\/p>\n<p>O Pr\u00eamio FENAFIM possui 02 categorias: <strong>Profissional<\/strong> e <strong>Administra\u00e7\u00e3o Tribut\u00e1ria<\/strong>.<\/p>\n\n\n<p>A categoria <strong>Profissional<\/strong> \u00e9 voltada para Auditores e Fiscais de Tributos Federais, Estaduais e Municipais, com trabalhos que versem sobre Administra\u00e7\u00e3o Tribut\u00e1ria Municipal e Direito Tribut\u00e1rio Municipal e educa\u00e7\u00e3o fiscal.<\/p>\n\n\n\n<p>A categoria <strong>Administra\u00e7\u00e3o Tribut\u00e1ria<\/strong> \u00e9 voltada para Auditores e Fiscais de Tributos, ativos ou aposentados, integrantes do fisco municipal, com trabalhos que versem sobre a inova\u00e7\u00e3o, a moderniza\u00e7\u00e3o, o aprimoramento t\u00e9cnico e a efici\u00eancia da Administra\u00e7\u00e3o Tribut\u00e1ria Municipal, incentivando a elabora\u00e7\u00e3o e apresenta\u00e7\u00e3o de propostas e projetos t\u00e9cnicos vi\u00e1veis de implementa\u00e7\u00e3o ou a demonstra\u00e7\u00e3o de trabalhos exitosos, j\u00e1 implementados, e que tenham gerado bons resultados no \u00e2mbito da administra\u00e7\u00e3o municipal.<\/p>\n\n\n\n<p><strong>DATAS IMPORTANTES<\/strong><br>Envio de Trabalhos: 19\/03\/2023 a 31\/08\/2023<br>Divulga\u00e7\u00e3o do Resultado: 31\/10\/2023.<br>Entrega da Premia\u00e7\u00e3o no Congresso Nacional da FENAFIM em Aracaju-SE: 22 a 24\/11\/2023.<\/p>\n\n\n\n<p><strong>PREMIA\u00c7\u00c3O<\/strong><br>Categoria : PROFISSIONAL<br>1\u00ba colocado : R$ 5.000,00 (cinco mil reais);<br>2\u00ba colocado : R$ 3.000,00 (tr\u00eas mil reais);<br>3\u00ba colocado : R$ 2.000,00 (dois mil reais).<br>Categoria : ADMINISTRA\u00c7\u00c3O TRIBUT\u00c1RIA<br>1\u00ba colocado : R$ 5.000,00 (cinco mil reais);<br>2\u00ba colocado : R$ 3.000,00 (tr\u00eas mil reais);<br>3\u00ba colocado : R$ 2.000,00 (dois mil reais).<\/p>\n\n\n\n<p>Para mais informa\u00e7\u00f5es e inscri\u00e7\u00f5es acesse o site oficial do Pr\u00eamio FENAFIM em &lt; <a href=\"http:\/\/premio.fenafim.org.br\" target=\"_blank\" rel=\"noopener\">premio.fenafim.org.br<\/a> &gt;.<\/p>\n\n\n\n<div class=\"wp-block-columns is-layout-flex wp-container-core-columns-is-layout-1 wp-block-columns-is-layout-flex\">\n<div class=\"wp-block-column is-layout-flow wp-block-column-is-layout-flow\">\n<center><figure class=\"wp-block-image size-large\"><img loading=\"lazy\" decoding=\"async\" width=\"640\" height=\"116\" src=\"https:\/\/i0.wp.com\/congresso.fenafim.org.br\/2023\/wp-content\/uploads\/2023\/11\/rodape.png?resize=640%2C116\" alt=\"\" class=\"wp-image-1901\" data-recalc-dims=\"1\"><\/figure><\/center>\n<\/div>\n<\/div>\n","protected":false},"excerpt":{"rendered":"<p>O Pr\u00eamio FENAFIM \u00e9 considerado um dos mais importantes concursos de trabalhos cient\u00edficos do fisco brasileiro, cooperando para o fortalecimento institucional da nossa categoria e para o aprimoramento profissional dos servidores fiscais e de todos aqueles que atuam na esfera da Administra\u00e7\u00e3o Tribut\u00e1ria Municipal. O Pr\u00eamio FENAFIM possui 02 categorias: Profissional e Administra\u00e7\u00e3o Tribut\u00e1ria. A &hellip; <\/p>\n","protected":false},"author":1,"featured_media":0,"parent":0,"menu_order":0,"comment_status":"closed","ping_status":"closed","template":"","meta":{"om_disable_all_campaigns":false,"_monsterinsights_skip_tracking":false,"_monsterinsights_sitenote_active":false,"_monsterinsights_sitenote_note":"","_monsterinsights_sitenote_category":0,"footnotes":""},"aioseo_notices":[],"jetpack_sharing_enabled":true,"_links":{"self":[{"href":"https:\/\/congresso.fenafim.org.br\/2023\/wp-json\/wp\/v2\/pages\/1538"}],"collection":[{"href":"https:\/\/congresso.fenafim.org.br\/2023\/wp-json\/wp\/v2\/pages"}],"about":[{"href":"https:\/\/congresso.fenafim.org.br\/2023\/wp-json\/wp\/v2\/types\/page"}],"author":[{"embeddable":true,"href":"https:\/\/congresso.fenafim.org.br\/2023\/wp-json\/wp\/v2\/users\/1"}],"replies":[{"embeddable":true,"href":"https:\/\/congresso.fenafim.org.br\/2023\/wp-json\/wp\/v2\/comments?post=1538"}],"version-history":[{"count":20,"href":"https:\/\/congresso.fenafim.org.br\/2023\/wp-json\/wp\/v2\/pages\/1538\/revisions"}],"predecessor-version":[{"id":2228,"href":"https:\/\/congresso.fenafim.org.br\/2023\/wp-json\/wp\/v2\/pages\/1538\/revisions\/2228"}],"wp:attachment":[{"href":"https:\/\/congresso.fenafim.org.br\/2023\/wp-json\/wp\/v2\/media?parent=1538"}],"curies":[{"name":"wp","href":"https:\/\/api.w.org\/{rel}","templated":true}]}}