{"id":1702,"date":"2023-04-20T12:29:15","date_gmt":"2023-04-20T15:29:15","guid":{"rendered":"https:\/\/congresso.fenafim.org.br\/2023\/?page_id=1702"},"modified":"2023-11-23T16:21:23","modified_gmt":"2023-11-23T19:21:23","slug":"inscricoes","status":"publish","type":"page","link":"https:\/\/congresso.fenafim.org.br\/2023\/inscricoes\/","title":{"rendered":"Inscri\u00e7\u00f5es"},"content":{"rendered":"\n<h1 class=\"wp-block-heading\">Fa\u00e7a sua inscri\u00e7\u00e3o<\/h1>\n\n\n\n<center><h3>Presencial<\/h3><\/center>\n\n\n\n<center><h3>2\u00ba Lote &#8211; at\u00e9 30\/10<\/h3><\/center>\n\n\n\n<div class=\"wp-block-columns is-layout-flex wp-container-core-columns-is-layout-1 wp-block-columns-is-layout-flex\">\n<div class=\"wp-block-column is-layout-flow wp-block-column-is-layout-flow\">\n<a href=\"https:\/\/www.sympla.com.br\/xxxiv-congresso-nacional-da-fenafim__2033934\" target=\"_blank\" rel=\"noopener\"><figure class=\"wp-block-image size-large\"><img decoding=\"async\" src=\"https:\/\/i0.wp.com\/congresso.fenafim.org.br\/2023\/wp-content\/uploads\/2023\/10\/naoassociadopresencial2.png?w=640\" alt=\"\" class=\"wp-image-1972\" data-recalc-dims=\"1\"><\/figure><\/a>\n<\/div>\n\n\n\n<div class=\"wp-block-column is-layout-flow wp-block-column-is-layout-flow\">\n<a href=\"https:\/\/www.sympla.com.br\/xxxiv-congresso-nacional-da-fenafim__2033934\" target=\"_blank\" rel=\"noopener\"><figure class=\"wp-block-image size-large\"><img decoding=\"async\" src=\"https:\/\/i0.wp.com\/congresso.fenafim.org.br\/2023\/wp-content\/uploads\/2023\/10\/associadopresencial2.png?w=640\" alt=\"\" class=\"wp-image-1967\" data-recalc-dims=\"1\"><\/figure><\/a>\n<\/div>\n\n\n\n<div class=\"wp-block-column is-layout-flow wp-block-column-is-layout-flow\">\n<a href=\"https:\/\/www.sympla.com.br\/xxxiv-congresso-nacional-da-fenafim__2033934\" target=\"_blank\" rel=\"noopener\"><figure class=\"wp-block-image size-large\"><img decoding=\"async\" src=\"https:\/\/i0.wp.com\/congresso.fenafim.org.br\/2023\/wp-content\/uploads\/2023\/10\/estudantepresencial2.png?w=640\" alt=\"\" class=\"wp-image-1970\" data-recalc-dims=\"1\"><\/figure><\/a>\n<\/div>\n<\/div>\n\n\n\n<center><h3>Online<\/h3><\/center>\n\n\n\n<center><h3>2\u00ba Lote &#8211; at\u00e9 30\/10<\/h3><\/center>\n\n\n\n<div class=\"wp-block-columns is-layout-flex wp-container-core-columns-is-layout-2 wp-block-columns-is-layout-flex\">\n<div class=\"wp-block-column is-layout-flow wp-block-column-is-layout-flow\">\n<a href=\"https:\/\/www.sympla.com.br\/xxxiv-congresso-nacional-da-fenafim__2033934\" target=\"_blank\" rel=\"noopener\"><figure class=\"wp-block-image size-large\"><img decoding=\"async\" src=\"https:\/\/i0.wp.com\/congresso.fenafim.org.br\/2023\/wp-content\/uploads\/2023\/07\/naoassociadoonline1.png?resize=640%2C996\" alt=\"\" class=\"wp-image-1971\" data-recalc-dims=\"1\"><\/figure><\/a>\n<\/div>\n\n\n\n<div class=\"wp-block-column is-layout-flow wp-block-column-is-layout-flow\">\n<a href=\"https:\/\/www.sympla.com.br\/xxxiv-congresso-nacional-da-fenafim__2033934\" target=\"_blank\" rel=\"noopener\"><figure class=\"wp-block-image size-large\"><img decoding=\"async\" src=\"https:\/\/i0.wp.com\/congresso.fenafim.org.br\/2023\/wp-content\/uploads\/2023\/07\/associadoonline1.png?resize=640%2C996\" alt=\"\" class=\"wp-image-1966\" data-recalc-dims=\"1\"><\/figure><\/a>\n<\/div>\n\n\n\n<div class=\"wp-block-column is-layout-flow wp-block-column-is-layout-flow\">\n<a href=\"https:\/\/www.sympla.com.br\/xxxiv-congresso-nacional-da-fenafim__2033934\" target=\"_blank\" rel=\"noopener\"><figure class=\"wp-block-image size-large\"><img decoding=\"async\" src=\"https:\/\/i0.wp.com\/congresso.fenafim.org.br\/2023\/wp-content\/uploads\/2023\/07\/estudantepresencial1.png?resize=640%2C996\" alt=\"\" class=\"wp-image-1970\" data-recalc-dims=\"1\"><\/figure><\/a>\n<\/div>\n<\/div>\n\n\n\n<center><h3>Compras Exclusivas<\/h3><\/center>\n\n\n\n<div class=\"wp-block-columns is-layout-flex wp-container-core-columns-is-layout-3 wp-block-columns-is-layout-flex\">\n<div class=\"wp-block-column is-layout-flow wp-block-column-is-layout-flow\">\n<a href=\"https:\/\/congresso.fenafim.org.br\/2023\/pre-cadastro\/\">\n<figure class=\"wp-block-image size-large\"><img decoding=\"async\" src=\"https:\/\/i0.wp.com\/congresso.fenafim.org.br\/2023\/wp-content\/uploads\/2023\/07\/pacote51.png?resize=640%2C996\" alt=\"\" class=\"wp-image-1974\" data-recalc-dims=\"1\"><\/figure><\/a>\n<\/div>\n\n\n\n<div class=\"wp-block-column is-layout-flow wp-block-column-is-layout-flow\">\n<a href=\"https:\/\/congresso.fenafim.org.br\/2023\/pre-cadastro\/\"><figure class=\"wp-block-image size-large\"><img decoding=\"async\" src=\"https:\/\/i0.wp.com\/congresso.fenafim.org.br\/2023\/wp-content\/uploads\/2023\/07\/pacote101.png?resize=640%2C996\" alt=\"\" class=\"wp-image-1975\" data-recalc-dims=\"1\"><\/figure><\/a>\n<\/div>\n\n\n\n<div class=\"wp-block-column is-layout-flow wp-block-column-is-layout-flow\">\n<a href=\"https:\/\/congresso.fenafim.org.br\/2023\/pre-cadastro\/\"><figure class=\"wp-block-image size-large\"><img decoding=\"async\" src=\"https:\/\/i0.wp.com\/congresso.fenafim.org.br\/2023\/wp-content\/uploads\/2023\/07\/entespublicos1.png?resize=640%2C996\" alt=\"\" class=\"wp-image-1968\" data-recalc-dims=\"1\"><\/figure><\/a>\n<\/div>\n<\/div>\n\n\n\n<center><h3>Oficinas T\u00e9cnicas<\/h3><\/center>\n\n\n\n<div class=\"wp-block-columns is-layout-flex wp-container-core-columns-is-layout-4 wp-block-columns-is-layout-flex\">\n<div class=\"wp-block-column is-layout-flow wp-block-column-is-layout-flow\"><\/div>\n\n\n\n<div class=\"wp-block-column is-layout-flow wp-block-column-is-layout-flow\">\n<a href=\"https:\/\/www.sympla.com.br\/xxxiv-congresso-nacional-da-fenafim__2033934\" target=\"_blank\" rel=\"noopener\"><figure class=\"wp-block-image size-large\"><img decoding=\"async\" src=\"https:\/\/i0.wp.com\/congresso.fenafim.org.br\/2023\/wp-content\/uploads\/2023\/07\/oficinas1.png?resize=640%2C996\" alt=\"\" class=\"wp-image-1973\" data-recalc-dims=\"1\"><\/figure><\/a>\n<\/div>\n\n\n\n<div class=\"wp-block-column is-layout-flow wp-block-column-is-layout-flow\"><\/div>\n<\/div>\n\n\n\n<center><figure class=\"wp-block-image size-large\"><img loading=\"lazy\" decoding=\"async\" width=\"640\" height=\"116\" src=\"https:\/\/i0.wp.com\/congresso.fenafim.org.br\/2023\/wp-content\/uploads\/2023\/11\/rodape.png?resize=640%2C116\" alt=\"\" class=\"wp-image-1901\" data-recalc-dims=\"1\"><\/figure><\/center>\n","protected":false},"excerpt":{"rendered":"<p>Fa\u00e7a sua inscri\u00e7\u00e3o Presencial 2\u00ba Lote &#8211; at\u00e9 30\/10 Online 2\u00ba Lote &#8211; at\u00e9 30\/10 Compras Exclusivas Oficinas T\u00e9cnicas<\/p>\n","protected":false},"author":1,"featured_media":0,"parent":0,"menu_order":0,"comment_status":"closed","ping_status":"closed","template":"","meta":{"om_disable_all_campaigns":false,"_monsterinsights_skip_tracking":false,"_monsterinsights_sitenote_active":false,"_monsterinsights_sitenote_note":"","_monsterinsights_sitenote_category":0,"footnotes":""},"aioseo_notices":[],"jetpack_sharing_enabled":true,"_links":{"self":[{"href":"https:\/\/congresso.fenafim.org.br\/2023\/wp-json\/wp\/v2\/pages\/1702"}],"collection":[{"href":"https:\/\/congresso.fenafim.org.br\/2023\/wp-json\/wp\/v2\/pages"}],"about":[{"href":"https:\/\/congresso.fenafim.org.br\/2023\/wp-json\/wp\/v2\/types\/page"}],"author":[{"embeddable":true,"href":"https:\/\/congresso.fenafim.org.br\/2023\/wp-json\/wp\/v2\/users\/1"}],"replies":[{"embeddable":true,"href":"https:\/\/congresso.fenafim.org.br\/2023\/wp-json\/wp\/v2\/comments?post=1702"}],"version-history":[{"count":36,"href":"https:\/\/congresso.fenafim.org.br\/2023\/wp-json\/wp\/v2\/pages\/1702\/revisions"}],"predecessor-version":[{"id":2229,"href":"https:\/\/congresso.fenafim.org.br\/2023\/wp-json\/wp\/v2\/pages\/1702\/revisions\/2229"}],"wp:attachment":[{"href":"https:\/\/congresso.fenafim.org.br\/2023\/wp-json\/wp\/v2\/media?parent=1702"}],"curies":[{"name":"wp","href":"https:\/\/api.w.org\/{rel}","templated":true}]}}