{"id":1987,"date":"2023-07-12T13:11:17","date_gmt":"2023-07-12T16:11:17","guid":{"rendered":"https:\/\/congresso.fenafim.org.br\/2023\/?page_id=1987"},"modified":"2023-07-12T13:36:30","modified_gmt":"2023-07-12T16:36:30","slug":"pre-cadastro","status":"publish","type":"page","link":"https:\/\/congresso.fenafim.org.br\/2023\/pre-cadastro\/","title":{"rendered":"Pr\u00e9-Cadastro"},"content":{"rendered":"<div class=\"wpforms-container wpforms-container-full\" id=\"wpforms-1983\"><form id=\"wpforms-form-1983\" class=\"wpforms-validate wpforms-form\" data-formid=\"1983\" method=\"post\" enctype=\"multipart\/form-data\" action=\"\/2023\/wp-json\/wp\/v2\/pages\/1987\" data-token=\"86805c3acedacb5c840c804fed5a412e\"><noscript class=\"wpforms-error-noscript\">Ative o JavaScript no seu navegador para preencher este formul\u00e1rio.<\/noscript><div class=\"wpforms-field-container\"><div id=\"wpforms-1983-field_1-container\" class=\"wpforms-field wpforms-field-name\" data-field-id=\"1\"><label class=\"wpforms-field-label\" for=\"wpforms-1983-field_1\">Entidade \/ \u00d3rg\u00e3o p\u00fablico <span class=\"wpforms-required-label\">*<\/span><\/label><input type=\"text\" id=\"wpforms-1983-field_1\" class=\"wpforms-field-medium wpforms-field-required\" name=\"wpforms[fields][1]\" required><\/div><div id=\"wpforms-1983-field_3-container\" class=\"wpforms-field wpforms-field-name\" data-field-id=\"3\"><label class=\"wpforms-field-label\" for=\"wpforms-1983-field_3\">Munic\u00edpio \/ UF <span class=\"wpforms-required-label\">*<\/span><\/label><input type=\"text\" id=\"wpforms-1983-field_3\" class=\"wpforms-field-medium wpforms-field-required\" name=\"wpforms[fields][3]\" required><\/div><div id=\"wpforms-1983-field_4-container\" class=\"wpforms-field wpforms-field-name\" data-field-id=\"4\"><label class=\"wpforms-field-label\" for=\"wpforms-1983-field_4\">Nome do Respons\u00e1vel <span class=\"wpforms-required-label\">*<\/span><\/label><input type=\"text\" id=\"wpforms-1983-field_4\" class=\"wpforms-field-medium wpforms-field-required\" name=\"wpforms[fields][4]\" required><\/div><div id=\"wpforms-1983-field_7-container\" class=\"wpforms-field wpforms-field-name\" data-field-id=\"7\"><label class=\"wpforms-field-label\" for=\"wpforms-1983-field_7\">Telefone com DDD <span class=\"wpforms-required-label\">*<\/span><\/label><input type=\"text\" id=\"wpforms-1983-field_7\" class=\"wpforms-field-medium wpforms-field-required\" name=\"wpforms[fields][7]\" required><\/div><div id=\"wpforms-1983-field_5-container\" class=\"wpforms-field wpforms-field-email\" data-field-id=\"5\"><label class=\"wpforms-field-label\" for=\"wpforms-1983-field_5\">E-mail <span class=\"wpforms-required-label\">*<\/span><\/label><input type=\"email\" id=\"wpforms-1983-field_5\" class=\"wpforms-field-medium wpforms-field-required\" name=\"wpforms[fields][5]\" required><\/div><div id=\"wpforms-1983-field_0-container\" class=\"wpforms-field wpforms-field-textarea\" data-field-id=\"0\"><label class=\"wpforms-field-label\" for=\"wpforms-1983-field_0\">D\u00favidas ? Escreva aqui. <span class=\"wpforms-required-label\">*<\/span><\/label><textarea id=\"wpforms-1983-field_0\" class=\"wpforms-field-medium wpforms-field-required\" name=\"wpforms[fields][0]\" required><\/textarea><\/div><\/div><div class=\"wpforms-submit-container\"><input type=\"hidden\" name=\"wpforms[id]\" value=\"1983\"><input type=\"hidden\" name=\"wpforms[author]\" value=\"1\"><button type=\"submit\" name=\"wpforms[submit]\" id=\"wpforms-submit-1983\" class=\"wpforms-submit\" aria-live=\"assertive\" value=\"wpforms-submit\">Enviar<\/button><\/div><\/form><\/div>  <!-- .wpforms-container -->\n\n\n\n<p>Preencha os dados em nome da entidade filiada \u00e0 Fenafim ou do \u00f3rg\u00e3o p\u00fablico.<\/p>\n\n\n\n<p>Entraremos em contato para finaliza\u00e7\u00e3o da compra.<\/p>\n\n\n\n<center><figure class=\"wp-block-image size-large\"><img loading=\"lazy\" decoding=\"async\" width=\"640\" height=\"116\" src=\"https:\/\/i0.wp.com\/congresso.fenafim.org.br\/2023\/wp-content\/uploads\/2023\/05\/rodape.png?resize=640%2C116\" alt=\"\" class=\"wp-image-1901\" srcset=\"https:\/\/i0.wp.com\/congresso.fenafim.org.br\/2023\/wp-content\/uploads\/2023\/05\/rodape.png?resize=1024%2C186&amp;ssl=1 1024w, https:\/\/i0.wp.com\/congresso.fenafim.org.br\/2023\/wp-content\/uploads\/2023\/05\/rodape.png?resize=300%2C55&amp;ssl=1 300w, https:\/\/i0.wp.com\/congresso.fenafim.org.br\/2023\/wp-content\/uploads\/2023\/05\/rodape.png?resize=768%2C140&amp;ssl=1 768w, https:\/\/i0.wp.com\/congresso.fenafim.org.br\/2023\/wp-content\/uploads\/2023\/05\/rodape.png?w=1100&amp;ssl=1 1100w\" sizes=\"(max-width: 640px) 100vw, 640px\" data-recalc-dims=\"1\" \/><\/figure><\/center>\n","protected":false},"excerpt":{"rendered":"<p>Preencha os dados em nome da entidade filiada \u00e0 Fenafim ou do \u00f3rg\u00e3o p\u00fablico. Entraremos em contato para finaliza\u00e7\u00e3o da compra.<\/p>\n","protected":false},"author":1,"featured_media":0,"parent":0,"menu_order":0,"comment_status":"closed","ping_status":"closed","template":"","meta":{"om_disable_all_campaigns":false,"_monsterinsights_skip_tracking":false,"_monsterinsights_sitenote_active":false,"_monsterinsights_sitenote_note":"","_monsterinsights_sitenote_category":0,"footnotes":""},"aioseo_notices":[],"jetpack_sharing_enabled":true,"_links":{"self":[{"href":"https:\/\/congresso.fenafim.org.br\/2023\/wp-json\/wp\/v2\/pages\/1987"}],"collection":[{"href":"https:\/\/congresso.fenafim.org.br\/2023\/wp-json\/wp\/v2\/pages"}],"about":[{"href":"https:\/\/congresso.fenafim.org.br\/2023\/wp-json\/wp\/v2\/types\/page"}],"author":[{"embeddable":true,"href":"https:\/\/congresso.fenafim.org.br\/2023\/wp-json\/wp\/v2\/users\/1"}],"replies":[{"embeddable":true,"href":"https:\/\/congresso.fenafim.org.br\/2023\/wp-json\/wp\/v2\/comments?post=1987"}],"version-history":[{"count":2,"href":"https:\/\/congresso.fenafim.org.br\/2023\/wp-json\/wp\/v2\/pages\/1987\/revisions"}],"predecessor-version":[{"id":1990,"href":"https:\/\/congresso.fenafim.org.br\/2023\/wp-json\/wp\/v2\/pages\/1987\/revisions\/1990"}],"wp:attachment":[{"href":"https:\/\/congresso.fenafim.org.br\/2023\/wp-json\/wp\/v2\/media?parent=1987"}],"curies":[{"name":"wp","href":"https:\/\/api.w.org\/{rel}","templated":true}]}}