{"id":1523,"date":"2024-06-07T09:00:24","date_gmt":"2024-06-07T12:00:24","guid":{"rendered":"https:\/\/congresso.fenafim.org.br\/2024\/?page_id=1523"},"modified":"2025-02-18T15:02:25","modified_gmt":"2025-02-18T18:02:25","slug":"apresentacoes","status":"publish","type":"page","link":"https:\/\/congresso.fenafim.org.br\/2024\/apresentacoes\/","title":{"rendered":"Apresenta\u00e7\u00f5es"},"content":{"rendered":"\n<div class=\"wp-block-columns is-layout-flex wp-container-core-columns-is-layout-1 wp-block-columns-is-layout-flex\">\n<div class=\"wp-block-column is-layout-flow wp-block-column-is-layout-flow\">\n<p class=\"has-medium-font-size\">Os v\u00eddeos gravados pela equipe oficial podem ser acessados no YouTube:<\/p>\n\n\n\n<p class=\"has-text-align-center has-medium-font-size\"><a href=\"https:\/\/www.youtube.com\/playlist?list=PLaDmWCsc10HVOEffiqJBK_1SVNxa0CwlT\" target=\"_blank\" rel=\"noopener\">V\u00eddeos das Apresenta\u00e7\u00f5es<\/a><\/p>\n\n\n\n<p class=\"has-medium-font-size\">Os arquivos das apresenta\u00e7\u00f5es realizadas durante o XXXV Congresso Nacional FENAFIM est\u00e3o dispon\u00edveis em formato PPTX e PDF e podem ser acessados pelo Google Drive, clicando <a href=\"https:\/\/drive.google.com\/drive\/folders\/1rVO0GWKpDxxYbOgUKpZ3fLC_4yl0l3kU?usp=drive_link\" target=\"_blank\" rel=\"noopener\">NESTE LINK<\/a>.<\/p>\n<\/div>\n<\/div>\n\n\n\n<p class=\"has-medium-font-size\">As palestras est\u00e3o numeradas e nomeadas conforme a programa\u00e7\u00e3o oficial do Congresso.<\/p>\n","protected":false},"excerpt":{"rendered":"<p>Os v\u00eddeos gravados pela equipe oficial podem ser acessados no YouTube: V\u00eddeos das Apresenta\u00e7\u00f5es Os arquivos das apresenta\u00e7\u00f5es realizadas durante o XXXV Congresso Nacional FENAFIM est\u00e3o dispon\u00edveis em formato PPTX &#8230;<\/p>\n","protected":false},"author":3,"featured_media":0,"parent":0,"menu_order":0,"comment_status":"closed","ping_status":"closed","template":"","meta":{"om_disable_all_campaigns":false,"_monsterinsights_skip_tracking":false,"_monsterinsights_sitenote_active":false,"_monsterinsights_sitenote_note":"","_monsterinsights_sitenote_category":0,"footnotes":""},"aioseo_notices":[],"jetpack_sharing_enabled":true,"_links":{"self":[{"href":"https:\/\/congresso.fenafim.org.br\/2024\/wp-json\/wp\/v2\/pages\/1523"}],"collection":[{"href":"https:\/\/congresso.fenafim.org.br\/2024\/wp-json\/wp\/v2\/pages"}],"about":[{"href":"https:\/\/congresso.fenafim.org.br\/2024\/wp-json\/wp\/v2\/types\/page"}],"author":[{"embeddable":true,"href":"https:\/\/congresso.fenafim.org.br\/2024\/wp-json\/wp\/v2\/users\/3"}],"replies":[{"embeddable":true,"href":"https:\/\/congresso.fenafim.org.br\/2024\/wp-json\/wp\/v2\/comments?post=1523"}],"version-history":[{"count":8,"href":"https:\/\/congresso.fenafim.org.br\/2024\/wp-json\/wp\/v2\/pages\/1523\/revisions"}],"predecessor-version":[{"id":3589,"href":"https:\/\/congresso.fenafim.org.br\/2024\/wp-json\/wp\/v2\/pages\/1523\/revisions\/3589"}],"wp:attachment":[{"href":"https:\/\/congresso.fenafim.org.br\/2024\/wp-json\/wp\/v2\/media?parent=1523"}],"curies":[{"name":"wp","href":"https:\/\/api.w.org\/{rel}","templated":true}]}}