{"id":1538,"date":"2024-06-07T09:00:05","date_gmt":"2024-06-07T12:00:05","guid":{"rendered":"https:\/\/congresso.fenafim.org.br\/2024\/?page_id=1538"},"modified":"2024-06-07T09:36:16","modified_gmt":"2024-06-07T12:36:16","slug":"premio-fenafim","status":"publish","type":"page","link":"https:\/\/congresso.fenafim.org.br\/2024\/premio-fenafim\/","title":{"rendered":"Pr\u00eamio FENAFIM"},"content":{"rendered":"\n<div align=\"justify\" style=\"font-size: 20px\">\n<p>O Pr\u00eamio FENAFIM \u00e9 considerado um dos mais importantes concursos de trabalhos cient\u00edficos do fisco brasileiro, cooperando para o fortalecimento institucional da nossa categoria e para o aprimoramento profissional dos servidores fiscais e de todos aqueles que atuam na esfera da Administra\u00e7\u00e3o Tribut\u00e1ria Municipal.<\/p>\n\n<p>O Pr\u00eamio FENAFIM possui duas categorias: <strong>Profissional<\/strong> e <strong>Administra\u00e7\u00e3o Tribut\u00e1ria<\/strong>.<\/p>\n\n<p>A categoria <strong>Profissional<\/strong> \u00e9 aberta ao p\u00fablico, com trabalhos que versem sobre Administra\u00e7\u00e3o Tribut\u00e1ria Municipal, Direito Tribut\u00e1rio Municipal e\/ou Educa\u00e7\u00e3o Fiscal.<\/p>\n\n<p>A categoria <strong>Administra\u00e7\u00e3o Tribut\u00e1ria<\/strong> \u00e9 voltada para Auditores e Fiscais de Tributos, ativos ou aposentados, integrantes do fisco municipal, com trabalhos que versem sobre a inova\u00e7\u00e3o, a moderniza\u00e7\u00e3o, o aprimoramento t\u00e9cnico e a efici\u00eancia da Administra\u00e7\u00e3o Tribut\u00e1ria Municipal, incentivando a elabora\u00e7\u00e3o e apresenta\u00e7\u00e3o de propostas e projetos t\u00e9cnicos vi\u00e1veis de implementa\u00e7\u00e3o ou a demonstra\u00e7\u00e3o de trabalhos exitosos, j\u00e1 implementados, e que tenham gerado bons resultados no \u00e2mbito da administra\u00e7\u00e3o municipal.<\/p>\n\n<p>Os artigos premiados ser\u00e3o publicados em livro.<\/p>\n<\/div>\n\n\n\n<div align=\"center\">\n<figure class=\"wp-block-image size-full\"><img loading=\"lazy\" decoding=\"async\" width=\"547\" height=\"313\" src=\"https:\/\/congresso.fenafim.org.br\/2024\/wp-content\/uploads\/2024\/06\/Trofeu.jpg\" alt=\"\" class=\"wp-image-3135\" style=\"width:75%;height:auto\" srcset=\"https:\/\/congresso.fenafim.org.br\/2024\/wp-content\/uploads\/2024\/06\/Trofeu.jpg 547w, https:\/\/congresso.fenafim.org.br\/2024\/wp-content\/uploads\/2024\/06\/Trofeu-300x172.jpg 300w, https:\/\/congresso.fenafim.org.br\/2024\/wp-content\/uploads\/2024\/06\/Trofeu-330x190.jpg 330w\" sizes=\"(max-width: 547px) 100vw, 547px\" \/><\/figure>\n<\/div>\n\n\n\n<p class=\"has-medium-font-size\"><strong>DATAS IMPORTANTES<\/strong><br>Envio de Trabalhos: at\u00e9 15\/07\/2024;<br>Divulga\u00e7\u00e3o do Resultado: 05\/09\/2024;<br>Entrega da Premia\u00e7\u00e3o: 28\/11\/2024, durante o XXXV Congresso Nacional da FENAFIM em Foz do Igua\u00e7u-PR.<br><br><strong>PREMIA\u00c7\u00c3O<\/strong><br>Categoria : PROFISSIONAL<br>1\u00ba colocado : R$ 5.000,00 (cinco mil reais);<br>2\u00ba colocado : R$ 3.000,00 (tr\u00eas mil reais);<br>3\u00ba colocado : R$ 2.000,00 (dois mil reais).<br>Categoria : ADMINISTRA\u00c7\u00c3O TRIBUT\u00c1RIA<br>1\u00ba colocado : R$ 5.000,00 (cinco mil reais);<br>2\u00ba colocado : R$ 3.000,00 (tr\u00eas mil reais);<br>3\u00ba colocado : R$ 2.000,00 (dois mil reais).<\/p>\n\n\n\n<p class=\"has-medium-font-size\">Clique <a href=\"https:\/\/congresso.fenafim.org.br\/2024\/wp-content\/uploads\/2024\/05\/RegulamentoPremioFENAFIM2024.pdf\" target=\"_blank\" rel=\"noopener\"><strong>aqui<\/strong><\/a> para baixar o regulamento do Pr\u00eamio FENAFIM 2024.<br><br><strong>INSCRI\u00c7\u00d5ES e INFORMA\u00c7\u00d5ES<\/strong><br>Acesse o site oficial do Pr\u00eamio FENAFIM em &lt; <a href=\"http:\/\/premio.fenafim.org.br\" target=\"_blank\" rel=\"noopener\"><strong>premio.fenafim.org.br<\/strong><\/a> >.<\/p>\n\n\n\n<div class=\"wp-block-columns is-layout-flex wp-container-core-columns-is-layout-1 wp-block-columns-is-layout-flex\">\n<div class=\"wp-block-column is-layout-flow wp-block-column-is-layout-flow\"><\/div>\n<\/div>\n","protected":false},"excerpt":{"rendered":"<p>O Pr\u00eamio FENAFIM \u00e9 considerado um dos mais importantes concursos de trabalhos cient\u00edficos do fisco brasileiro, cooperando para o fortalecimento institucional da nossa categoria e para o aprimoramento profissional dos &#8230;<\/p>\n","protected":false},"author":1,"featured_media":0,"parent":0,"menu_order":0,"comment_status":"closed","ping_status":"closed","template":"","meta":{"om_disable_all_campaigns":false,"_monsterinsights_skip_tracking":false,"_monsterinsights_sitenote_active":false,"_monsterinsights_sitenote_note":"","_monsterinsights_sitenote_category":0,"footnotes":""},"aioseo_notices":[],"jetpack_sharing_enabled":true,"_links":{"self":[{"href":"https:\/\/congresso.fenafim.org.br\/2024\/wp-json\/wp\/v2\/pages\/1538"}],"collection":[{"href":"https:\/\/congresso.fenafim.org.br\/2024\/wp-json\/wp\/v2\/pages"}],"about":[{"href":"https:\/\/congresso.fenafim.org.br\/2024\/wp-json\/wp\/v2\/types\/page"}],"author":[{"embeddable":true,"href":"https:\/\/congresso.fenafim.org.br\/2024\/wp-json\/wp\/v2\/users\/1"}],"replies":[{"embeddable":true,"href":"https:\/\/congresso.fenafim.org.br\/2024\/wp-json\/wp\/v2\/comments?post=1538"}],"version-history":[{"count":22,"href":"https:\/\/congresso.fenafim.org.br\/2024\/wp-json\/wp\/v2\/pages\/1538\/revisions"}],"predecessor-version":[{"id":3165,"href":"https:\/\/congresso.fenafim.org.br\/2024\/wp-json\/wp\/v2\/pages\/1538\/revisions\/3165"}],"wp:attachment":[{"href":"https:\/\/congresso.fenafim.org.br\/2024\/wp-json\/wp\/v2\/media?parent=1538"}],"curies":[{"name":"wp","href":"https:\/\/api.w.org\/{rel}","templated":true}]}}