{"id":1581,"date":"2024-06-07T09:00:40","date_gmt":"2024-06-07T12:00:40","guid":{"rendered":"https:\/\/congresso.fenafim.org.br\/2024\/?page_id=1581"},"modified":"2024-06-07T14:33:24","modified_gmt":"2024-06-07T17:33:24","slug":"contato","status":"publish","type":"page","link":"https:\/\/congresso.fenafim.org.br\/2024\/contato\/","title":{"rendered":"Contato"},"content":{"rendered":"\n<p class=\"has-medium-font-size\">Envie suas sugest\u00f5es e d\u00favidas para a Coordena\u00e7\u00e3o do XXXV Congresso Nacional da FENAFIM.<\/p>\n\n\n\n<p class=\"has-medium-font-size\">Voc\u00ea tamb\u00e9m pode enviar e-mail para: <strong>fenafim2024@gmail.com<\/strong>.<\/p>\n\n\n\n<div class=\"wp-block-columns is-layout-flex wp-container-core-columns-is-layout-1 wp-block-columns-is-layout-flex\">\n<div class=\"wp-block-column is-layout-flow wp-block-column-is-layout-flow\">\n<div align=\"center\">\n<a href=\"https:\/\/www.instagram.com\/fenafim_oficial\/\" target=\"_blank\" rel=\"noopener\">\n<img decoding=\"async\" src=\"https:\/\/congresso.fenafim.org.br\/2024\/wp-content\/uploads\/2024\/05\/instagram.webp\"><br>\n@fenafim_oficial<\/a>\n<\/div>\n<\/div>\n\n\n\n<div class=\"wp-block-column is-layout-flow wp-block-column-is-layout-flow\">\n<div align=\"center\">\n<a href=\"https:\/\/www.facebook.com\/Fenafim\/\" target=\"_blank\" rel=\"noopener\"><img decoding=\"async\" src=\"https:\/\/congresso.fenafim.org.br\/2024\/wp-content\/uploads\/2024\/05\/facebook2.webp\"><br\/>\n@fenafim<\/a>\n<\/div>\n<\/div>\n\n\n\n<div class=\"wp-block-column is-layout-flow wp-block-column-is-layout-flow\">\n<div align=\"center\">\n<a href=\"https:\/\/www.youtube.com\/@fenafimtv\/\" target=\"_blank\" rel=\"noopener\">\n<img decoding=\"async\" src=\"https:\/\/congresso.fenafim.org.br\/2024\/wp-content\/uploads\/2024\/05\/youtube.webp\"><br\/>\n@fenafimtv<\/a>\n<\/div>\n<\/div>\n\n\n\n<div class=\"wp-block-column is-layout-flow wp-block-column-is-layout-flow\">\n<div align=\"center\">\n<a href=\"https:\/\/wa.me\/5541984393705\" target=\"_blank\" rel=\"noopener\"><img decoding=\"async\" src=\"https:\/\/congresso.fenafim.org.br\/2024\/wp-content\/uploads\/2024\/05\/whatsapp.webp\" width=\"20%\" height=\"20%\"><br>(41) 98439-3705\n<\/a>\n<\/div>\n<\/div>\n<\/div>\n\n\n<div class=\"wpforms-container wpforms-container-full\" id=\"wpforms-1431\"><form id=\"wpforms-form-1431\" class=\"wpforms-validate wpforms-form\" data-formid=\"1431\" method=\"post\" enctype=\"multipart\/form-data\" action=\"\/2024\/wp-json\/wp\/v2\/pages\/1581\" data-token=\"baa6e979bb86f51b286bd17ac3acd212\" data-token-time=\"1777513992\"><noscript class=\"wpforms-error-noscript\">Ative o JavaScript no seu navegador para preencher este formul\u00e1rio.<\/noscript><div class=\"wpforms-field-container\"><div id=\"wpforms-1431-field_1-container\" class=\"wpforms-field wpforms-field-name\" data-field-id=\"1\"><label class=\"wpforms-field-label\" for=\"wpforms-1431-field_1\">Nome <span class=\"wpforms-required-label\">*<\/span><\/label><input type=\"text\" id=\"wpforms-1431-field_1\" class=\"wpforms-field-medium wpforms-field-required\" name=\"wpforms[fields][1]\" required><\/div><div id=\"wpforms-1431-field_2-container\" class=\"wpforms-field wpforms-field-email\" data-field-id=\"2\"><label class=\"wpforms-field-label\" for=\"wpforms-1431-field_2\">E-mail <span class=\"wpforms-required-label\">*<\/span><\/label><input type=\"email\" id=\"wpforms-1431-field_2\" class=\"wpforms-field-medium wpforms-field-required\" name=\"wpforms[fields][2]\" spellcheck=\"false\" required><\/div><div id=\"wpforms-1431-field_0-container\" class=\"wpforms-field wpforms-field-textarea\" data-field-id=\"0\"><label class=\"wpforms-field-label\" for=\"wpforms-1431-field_0\">Mensagem <span class=\"wpforms-required-label\">*<\/span><\/label><textarea id=\"wpforms-1431-field_0\" class=\"wpforms-field-medium wpforms-field-required\" name=\"wpforms[fields][0]\" required><\/textarea><\/div><\/div><!-- .wpforms-field-container --><div class=\"wpforms-submit-container\" ><input type=\"hidden\" name=\"wpforms[id]\" value=\"1431\"><input type=\"hidden\" name=\"page_title\" value=\"\"><input type=\"hidden\" name=\"page_url\" value=\"https:\/\/congresso.fenafim.org.br\/2024\/wp-json\/wp\/v2\/pages\/1581\"><input type=\"hidden\" name=\"url_referer\" value=\"\"><button type=\"submit\" name=\"wpforms[submit]\" id=\"wpforms-submit-1431\" class=\"wpforms-submit\" aria-live=\"assertive\" value=\"wpforms-submit\">Enviar<\/button><\/div><\/form><\/div>  <!-- .wpforms-container -->\n","protected":false},"excerpt":{"rendered":"<p>Envie suas sugest\u00f5es e d\u00favidas para a Coordena\u00e7\u00e3o do XXXV Congresso Nacional da FENAFIM. Voc\u00ea tamb\u00e9m pode enviar e-mail para: fenafim2024@gmail.com. @fenafim_oficial @fenafim @fenafimtv (41) 98439-3705<\/p>\n","protected":false},"author":3,"featured_media":0,"parent":0,"menu_order":0,"comment_status":"closed","ping_status":"closed","template":"","meta":{"om_disable_all_campaigns":false,"_monsterinsights_skip_tracking":false,"_monsterinsights_sitenote_active":false,"_monsterinsights_sitenote_note":"","_monsterinsights_sitenote_category":0,"footnotes":""},"aioseo_notices":[],"jetpack_sharing_enabled":true,"_links":{"self":[{"href":"https:\/\/congresso.fenafim.org.br\/2024\/wp-json\/wp\/v2\/pages\/1581"}],"collection":[{"href":"https:\/\/congresso.fenafim.org.br\/2024\/wp-json\/wp\/v2\/pages"}],"about":[{"href":"https:\/\/congresso.fenafim.org.br\/2024\/wp-json\/wp\/v2\/types\/page"}],"author":[{"embeddable":true,"href":"https:\/\/congresso.fenafim.org.br\/2024\/wp-json\/wp\/v2\/users\/3"}],"replies":[{"embeddable":true,"href":"https:\/\/congresso.fenafim.org.br\/2024\/wp-json\/wp\/v2\/comments?post=1581"}],"version-history":[{"count":15,"href":"https:\/\/congresso.fenafim.org.br\/2024\/wp-json\/wp\/v2\/pages\/1581\/revisions"}],"predecessor-version":[{"id":3206,"href":"https:\/\/congresso.fenafim.org.br\/2024\/wp-json\/wp\/v2\/pages\/1581\/revisions\/3206"}],"wp:attachment":[{"href":"https:\/\/congresso.fenafim.org.br\/2024\/wp-json\/wp\/v2\/media?parent=1581"}],"curies":[{"name":"wp","href":"https:\/\/api.w.org\/{rel}","templated":true}]}}