{"id":1583,"date":"2024-06-07T09:00:09","date_gmt":"2024-06-07T12:00:09","guid":{"rendered":"https:\/\/congresso.fenafim.org.br\/2024\/?page_id=1583"},"modified":"2024-09-06T13:50:11","modified_gmt":"2024-09-06T16:50:11","slug":"local-do-evento","status":"publish","type":"page","link":"https:\/\/congresso.fenafim.org.br\/2024\/local-do-evento\/","title":{"rendered":"Local do Evento"},"content":{"rendered":"\n<div align=\"justify\" style=\"font-size:20px\">\n<p>A 35\u00aa edi\u00e7\u00e3o do Congresso Nacional FENAFIM ser\u00e1 realizada na cidade de Foz do Igua\u00e7u\/PR, nos dias 27 a 29 de novembro de 2024, no <b>Complexo Eco Cataratas Resort<\/b> by San Juan Hot\u00e9is, localizado ao lado de um dos mais famosos cart\u00f5es postais do mundo, as Cataratas do Igua\u00e7u.<\/p>\n<\/div>\n\n<div align=\"center\">\n<figure class=\"wp-block-image size-full is-resized\"><img decoding=\"async\" src=\"https:\/\/congresso.fenafim.org.br\/2024\/wp-content\/uploads\/2024\/05\/hotel-01.png\" alt=\"\" style=\"width:80%;height:auto\"><figcaption class=\"wp-element-caption\">Complexo Eco Cataratas Resort by San Juan Hot\u00e9is<\/figcaption><\/figure>\n\n<figure class=\"wp-block-image size-full is-resized\"><img loading=\"lazy\" decoding=\"async\" width=\"754\" height=\"494\" src=\"https:\/\/congresso.fenafim.org.br\/2024\/wp-content\/uploads\/2024\/05\/hotel-02.png\" alt=\"\" class=\"wp-image-2906\" style=\"width:80%;height:auto\" srcset=\"https:\/\/congresso.fenafim.org.br\/2024\/wp-content\/uploads\/2024\/05\/hotel-02.png 754w, https:\/\/congresso.fenafim.org.br\/2024\/wp-content\/uploads\/2024\/05\/hotel-02-300x197.png 300w\" sizes=\"(max-width: 754px) 100vw, 754px\" \/><figcaption class=\"wp-element-caption\">Complexo Eco Cataratas Resort by San Juan Hot\u00e9is<\/figcaption><\/figure>\n\n<figure class=\"wp-block-image is-resized\"><img decoding=\"async\" src=\"https:\/\/congresso.fenafim.org.br\/2024\/wp-content\/uploads\/2024\/05\/hotel-03.png\" alt=\"\" style=\"width:80%;height:auto\"\/><figcaption class=\"wp-element-caption\">Complexo Eco Cataratas Resort by San Juan Hot\u00e9is<\/figcaption><\/figure>\n\n<figure class=\"wp-block-image size-large is-resized\"><img decoding=\"async\" src=\"https:\/\/congresso.fenafim.org.br\/2024\/wp-content\/uploads\/2024\/05\/hotel-04.png\" alt=\"\" style=\"width:80%;height:auto\"\/><figcaption class=\"wp-element-caption\">Complexo Eco Cataratas Resort by San Juan Hot\u00e9is<\/figcaption><\/figure>\n<\/div>\n<div align=\"justify\" style=\"font-size:20px\">\n<p>As palestras ser\u00e3o realizadas no Audit\u00f3rio Catre, localizado ao lado do hotel, com capacidade para at\u00e9 450 pessoas, contando com coffee break e diversos servi\u00e7os e equipamentos.<\/p>\n<\/div>\n\n\n\n<div class=\"wp-block-columns is-layout-flex wp-container-core-columns-is-layout-1 wp-block-columns-is-layout-flex\">\n<div class=\"wp-block-column is-layout-flow wp-block-column-is-layout-flow\">\n<figure class=\"wp-block-image size-full is-resized\"><img decoding=\"async\" src=\"https:\/\/congresso.fenafim.org.br\/2024\/wp-content\/uploads\/2024\/05\/hotel-05.png\" alt=\"\"><figcaption class=\"wp-element-caption\">Audit\u00f3rio Catre do ECO Cataratas Resort<\/figcaption><\/figure>\n<\/div>\n\n\n\n<div class=\"wp-block-column is-layout-flow wp-block-column-is-layout-flow\">\n<figure class=\"wp-block-image size-full is-resized\"><img decoding=\"async\" src=\"https:\/\/congresso.fenafim.org.br\/2024\/wp-content\/uploads\/2024\/05\/hotel-06.png\" alt=\"\" ><figcaption class=\"wp-element-caption\">Audit\u00f3rio Catre do ECO Cataratas Resort<\/figcaption><\/figure>\n<\/div>\n<\/div>\n\n\n\n<iframe src=\"https:\/\/www.google.com\/maps\/embed?pb=!1m18!1m12!1m3!1d3598.439876714749!2d-54.519415325534936!3d-25.59029553925155!2m3!1f0!2f0!3f0!3m2!1i1024!2i768!4f13.1!3m3!1m2!1s0x94f691b248b73225%3A0xc052ab12db670da6!2sEco%20Cataratas%20Resort!5e0!3m2!1spt-BR!2sbr!4v1716574631924!5m2!1spt-BR!2sbr\" width=\"100%\" height=\"400\" style=\"border:0;\" allowfullscreen=\"\" loading=\"lazy\" referrerpolicy=\"no-referrer-when-downgrade\"><\/iframe>\n","protected":false},"excerpt":{"rendered":"<p>A 35\u00aa edi\u00e7\u00e3o do Congresso Nacional FENAFIM ser\u00e1 realizada na cidade de Foz do Igua\u00e7u\/PR, nos dias 27 a 29 de novembro de 2024, no Complexo Eco Cataratas Resort by &#8230;<\/p>\n","protected":false},"author":3,"featured_media":0,"parent":0,"menu_order":0,"comment_status":"closed","ping_status":"closed","template":"","meta":{"om_disable_all_campaigns":false,"_monsterinsights_skip_tracking":false,"_monsterinsights_sitenote_active":false,"_monsterinsights_sitenote_note":"","_monsterinsights_sitenote_category":0,"footnotes":""},"aioseo_notices":[],"jetpack_sharing_enabled":true,"_links":{"self":[{"href":"https:\/\/congresso.fenafim.org.br\/2024\/wp-json\/wp\/v2\/pages\/1583"}],"collection":[{"href":"https:\/\/congresso.fenafim.org.br\/2024\/wp-json\/wp\/v2\/pages"}],"about":[{"href":"https:\/\/congresso.fenafim.org.br\/2024\/wp-json\/wp\/v2\/types\/page"}],"author":[{"embeddable":true,"href":"https:\/\/congresso.fenafim.org.br\/2024\/wp-json\/wp\/v2\/users\/3"}],"replies":[{"embeddable":true,"href":"https:\/\/congresso.fenafim.org.br\/2024\/wp-json\/wp\/v2\/comments?post=1583"}],"version-history":[{"count":73,"href":"https:\/\/congresso.fenafim.org.br\/2024\/wp-json\/wp\/v2\/pages\/1583\/revisions"}],"predecessor-version":[{"id":3475,"href":"https:\/\/congresso.fenafim.org.br\/2024\/wp-json\/wp\/v2\/pages\/1583\/revisions\/3475"}],"wp:attachment":[{"href":"https:\/\/congresso.fenafim.org.br\/2024\/wp-json\/wp\/v2\/media?parent=1583"}],"curies":[{"name":"wp","href":"https:\/\/api.w.org\/{rel}","templated":true}]}}