{"id":1590,"date":"2024-06-07T09:00:57","date_gmt":"2024-06-07T12:00:57","guid":{"rendered":"https:\/\/congresso.fenafim.org.br\/2024\/?page_id=1590"},"modified":"2024-06-07T09:56:52","modified_gmt":"2024-06-07T12:56:52","slug":"turismo","status":"publish","type":"page","link":"https:\/\/congresso.fenafim.org.br\/2024\/turismo\/","title":{"rendered":"Turismo"},"content":{"rendered":"\n<p>&nbsp;<\/p>\n\n\n\n<center><figure class=\"wp-block-image size-large is-resized\"><img loading=\"lazy\" decoding=\"async\" width=\"1024\" height=\"566\" src=\"https:\/\/congresso.fenafim.org.br\/2024\/wp-content\/uploads\/2024\/05\/ccrtour-1024x566.png\" alt=\"\" class=\"wp-image-2984\" style=\"width:400px;height:auto\" srcset=\"https:\/\/congresso.fenafim.org.br\/2024\/wp-content\/uploads\/2024\/05\/ccrtour-1024x566.png 1024w, https:\/\/congresso.fenafim.org.br\/2024\/wp-content\/uploads\/2024\/05\/ccrtour-300x166.png 300w, https:\/\/congresso.fenafim.org.br\/2024\/wp-content\/uploads\/2024\/05\/ccrtour-768x424.png 768w, https:\/\/congresso.fenafim.org.br\/2024\/wp-content\/uploads\/2024\/05\/ccrtour.png 1320w\" sizes=\"(max-width: 1024px) 100vw, 1024px\" \/><\/figure><\/center>\n\n\n\n<p class=\"has-medium-font-size\"><strong>OP\u00c7\u00c3O 1<\/strong><br><strong>Traslado ida e volta para Cataratas Brasileiras &#8211; R$ 20 por pessoa<\/strong><br>Parque onde voc\u00ea contempla a fauna e flora. S\u00e3o 275 saltos, por onde escoam em torno de 1.500 metros c\u00fabicos de \u00e1gua por segundo. Dura\u00e7\u00e3o do passeio: Aproximadamente 3 horas.<br>Entrada R$ 95 por pessoa<br><strong>Passeio que pode ser feito no mesmo dia:<\/strong><br>Macuco Safari &#8211; R$ 380 por pessoa<br>Parque das Aves &#8211; R$ 80 por pessoa<br>Almo\u00e7o no Restaurante Porto Canoas &#8211; R$ 125 por pessoa<br>Voo de Helicoptero &#8211; R$ 610 por pessoa<\/p>\n\n\n\n<p class=\"has-medium-font-size\"><strong>OP\u00c7\u00c3O 2<\/strong><br><strong>Itaipu Binacional + Tour de compras no Paraguai &#8211; R$ 94 por pessoa<\/strong><br>Muito mais que a maior usina do mundo em gera\u00e7\u00e3o de energia, a Itaipu Binacional encanta n\u00e3o s\u00f3 pelo seu gigantismo, mas por ser vanguarda nas quest\u00f5es sociais e ambientais. 4 horas de compras.<br><strong>Entrada Itaipu &#8211; R$ 56 por pessoa<\/strong><\/p>\n\n\n\n<p class=\"has-medium-font-size\"><strong>OP\u00c7\u00c3O 3<\/strong><br><strong>Traslado ida e volta Cataratas Argentinas + City Tour Argentina &#8211; R$ 100 por pessoa<\/strong><br>S\u00e3o 03 op\u00e7\u00f5es de circuitos. O circuito superior, o circuito inferior e o circuito que vai direto para a Garganta del Diablo (fechada). A ida at\u00e9 esses locais \u00e9 realizada por trem, que sai a cada 30 minutos.<br>Nosso city tour inclui compras no Duty Free Shopping, seguido de visita ao centro de Puerto Iguaz\u00fa onde se encontra a feirinha de produtos coloniais t\u00edpicos da Argentina e das 3 fronteiras, onde os rios se encontram e por \u00faltimo visita r\u00e1pida ao Cassino.<br>Aten\u00e7\u00e3o! Homens n\u00e3o entram de bermuda no cassino.<br><strong>Entrada das Cataratas + Taxa tur\u00edstica &#8211; R$ 140 por pessoa<br>Restaurante El Fortin, parrilla &#8211; R$ 115 por pessoa<\/strong><\/p>\n\n\n\n<p class=\"has-medium-font-size\"><strong>OP\u00c7\u00c3O 4<\/strong><br><strong>City Tour em Foz do Igua\u00e7u &#8211; R$ 65 por pessoa<\/strong><br>Nosso City Tour passa por toda a cidade de Foz do Igua\u00e7u para conhecerem as belezas dela.<br>No roteiro passamos na Mesquita \u00c1rabe, Templo Budista, Marco 3 fronteiras e Igreja de Guadalupe.<br><strong>Entrada Marco 3 Fronteiras &#8211; R$ 56 por pessoa<br>Entrada Mesquita &#8211; R$ 30 por pessoa<br>Entrada templo Budista &#8211; R$ 10 por pessoa<br>Jantar Cabeza de Vaca &#8211; R$ 105 por pessoa<br>Dreams Park Show &#8211; R$ 75 por pessoa por atra\u00e7\u00e3o (Combo 5 atra\u00e7\u00f5es &#8211; R$ 160 por pessoa)<\/strong><\/p>\n\n\n\n<p class=\"has-medium-font-size\"><strong>OP\u00c7\u00d5ES DE REFEI\u00c7\u00c3O<\/strong><br>Jantar Show Churrascaria Rafain &#8211; R$ 245 por pessoa<br>Jantar\/almo\u00e7o Rod\u00edzio de Carnes nobre Premium &#8211; R$ 105 por pessoa<br>Jantar Rodizio Italiano &#8211; R$ 95 por pessoa<br>Rod\u00edzio de Pizza Ponto Certo &#8211; R$ 65 por pessoa<br><br><strong><mark style=\"background-color:rgba(0, 0, 0, 0)\" class=\"has-inline-color has-vivid-red-color\">Obs.: O traslado para as Cataratas do Igua\u00e7u ser\u00e1 gratuito para quem adquirir os ingressos com a ag\u00eancia nos dias 27\/11 (quarta) e 30\/11 (s\u00e1bado)!<\/mark><\/strong><\/p>\n\n\n\n<p class=\"has-medium-font-size\">A semana passa bem rapidinho.<br>Ent\u00e3o, aproveite bem sua estada aqui em Foz do Igua\u00e7u e divirta-se!<br><\/p>\n\n\n\n<p class=\"has-text-align-right has-medium-font-size\">Conte com a gente.<br><strong>Ana Karla Lopes<\/strong><br>Gerente<\/p>\n\n\n\n<p class=\"has-text-align-center has-medium-font-size\">WhatsApp\/Telefone para agendamento: <a href=\"https:\/\/wa.me\/554535236068\" target=\"_blank\" rel=\"noopener\" title=\"\"><strong>(45) 3523-6068<\/strong><\/a><\/p>\n","protected":false},"excerpt":{"rendered":"<p>&nbsp; OP\u00c7\u00c3O 1Traslado ida e volta para Cataratas Brasileiras &#8211; R$ 20 por pessoaParque onde voc\u00ea contempla a fauna e flora. S\u00e3o 275 saltos, por onde escoam em torno de &#8230;<\/p>\n","protected":false},"author":3,"featured_media":0,"parent":0,"menu_order":0,"comment_status":"closed","ping_status":"closed","template":"","meta":{"om_disable_all_campaigns":false,"_monsterinsights_skip_tracking":false,"_monsterinsights_sitenote_active":false,"_monsterinsights_sitenote_note":"","_monsterinsights_sitenote_category":0,"footnotes":""},"aioseo_notices":[],"jetpack_sharing_enabled":true,"_links":{"self":[{"href":"https:\/\/congresso.fenafim.org.br\/2024\/wp-json\/wp\/v2\/pages\/1590"}],"collection":[{"href":"https:\/\/congresso.fenafim.org.br\/2024\/wp-json\/wp\/v2\/pages"}],"about":[{"href":"https:\/\/congresso.fenafim.org.br\/2024\/wp-json\/wp\/v2\/types\/page"}],"author":[{"embeddable":true,"href":"https:\/\/congresso.fenafim.org.br\/2024\/wp-json\/wp\/v2\/users\/3"}],"replies":[{"embeddable":true,"href":"https:\/\/congresso.fenafim.org.br\/2024\/wp-json\/wp\/v2\/comments?post=1590"}],"version-history":[{"count":16,"href":"https:\/\/congresso.fenafim.org.br\/2024\/wp-json\/wp\/v2\/pages\/1590\/revisions"}],"predecessor-version":[{"id":3175,"href":"https:\/\/congresso.fenafim.org.br\/2024\/wp-json\/wp\/v2\/pages\/1590\/revisions\/3175"}],"wp:attachment":[{"href":"https:\/\/congresso.fenafim.org.br\/2024\/wp-json\/wp\/v2\/media?parent=1590"}],"curies":[{"name":"wp","href":"https:\/\/api.w.org\/{rel}","templated":true}]}}