{"id":1702,"date":"2024-06-07T09:00:15","date_gmt":"2024-06-07T12:00:15","guid":{"rendered":"https:\/\/congresso.fenafim.org.br\/2024\/?page_id=1702"},"modified":"2024-11-26T11:41:48","modified_gmt":"2024-11-26T14:41:48","slug":"inscricoes","status":"publish","type":"page","link":"https:\/\/congresso.fenafim.org.br\/2024\/inscricoes\/","title":{"rendered":"Inscri\u00e7\u00f5es"},"content":{"rendered":"\n<div align=\"center\"; style=\"font-size: 20px\">\n<p><strong>As vagas para o XXXV Congresso Nacional FENAFIM, em Foz do Igua\u00e7u, j\u00e1 se encontram esgotadas.<\/strong><\/p>\n<p>Por\u00e9m, ainda \u00e9 poss\u00edvel adquirir entrada para alguns eventos do congresso:<\/p>\n<ul>\n<li>Coquetel (dia 27\/11) e Almo\u00e7os (dias 28\/11 e 29\/11) &#8211; R$ 300,00<\/li>\n<li>Festa de Confraterniza\u00e7\u00e3o (dia 29\/11) &#8211; R$ 350,00<\/li>\n<li>Pacote Coquetel + Almo\u00e7os + Confraterniza\u00e7\u00e3o &#8211; R$ 600,00<\/li>\n<\/ul>\n<p>O pagamento dessas op\u00e7\u00f5es deve ser feito diretamente no local do evento.<\/p>\n<p>Informa\u00e7\u00f5es e contato atrav\u00e9s do e-mail: <strong>fenafim2024@gmail.com<\/strong>.<\/p>\n<p>Fale conosco pelo WhatsApp: <strong><a href=\"https:\/\/wa.me\/5541984393705\" target=\"_blank\" rel=\"noopener\" style=\"color:#137f63\">(41) 9 8439-3705<\/a><\/strong>.<\/p>\n<\/div>\n\n\n\n<div align=\"center\">\n<figure class=\"wp-block-image size-large\" style=\"width:75%; height:auto\"><img decoding=\"async\" src=\"https:\/\/congresso.fenafim.org.br\/2024\/wp-content\/uploads\/2024\/11\/Inscricoes-1-819x1024.png\" alt=\"\" class=\"wp-image-3491\"\/><\/figure>\n<\/div>\n","protected":false},"excerpt":{"rendered":"<p>As vagas para o XXXV Congresso Nacional FENAFIM, em Foz do Igua\u00e7u, j\u00e1 se encontram esgotadas. Por\u00e9m, ainda \u00e9 poss\u00edvel adquirir entrada para alguns eventos do congresso: Coquetel (dia 27\/11) &#8230;<\/p>\n","protected":false},"author":3,"featured_media":0,"parent":0,"menu_order":0,"comment_status":"closed","ping_status":"closed","template":"","meta":{"om_disable_all_campaigns":false,"_monsterinsights_skip_tracking":false,"_monsterinsights_sitenote_active":false,"_monsterinsights_sitenote_note":"","_monsterinsights_sitenote_category":0,"footnotes":""},"aioseo_notices":[],"jetpack_sharing_enabled":true,"_links":{"self":[{"href":"https:\/\/congresso.fenafim.org.br\/2024\/wp-json\/wp\/v2\/pages\/1702"}],"collection":[{"href":"https:\/\/congresso.fenafim.org.br\/2024\/wp-json\/wp\/v2\/pages"}],"about":[{"href":"https:\/\/congresso.fenafim.org.br\/2024\/wp-json\/wp\/v2\/types\/page"}],"author":[{"embeddable":true,"href":"https:\/\/congresso.fenafim.org.br\/2024\/wp-json\/wp\/v2\/users\/3"}],"replies":[{"embeddable":true,"href":"https:\/\/congresso.fenafim.org.br\/2024\/wp-json\/wp\/v2\/comments?post=1702"}],"version-history":[{"count":29,"href":"https:\/\/congresso.fenafim.org.br\/2024\/wp-json\/wp\/v2\/pages\/1702\/revisions"}],"predecessor-version":[{"id":3567,"href":"https:\/\/congresso.fenafim.org.br\/2024\/wp-json\/wp\/v2\/pages\/1702\/revisions\/3567"}],"wp:attachment":[{"href":"https:\/\/congresso.fenafim.org.br\/2024\/wp-json\/wp\/v2\/media?parent=1702"}],"curies":[{"name":"wp","href":"https:\/\/api.w.org\/{rel}","templated":true}]}}