{"id":2230,"date":"2024-06-07T09:00:01","date_gmt":"2024-06-07T12:00:01","guid":{"rendered":"https:\/\/congresso.fenafim.org.br\/2024\/?page_id=2230"},"modified":"2024-12-02T17:20:28","modified_gmt":"2024-12-02T20:20:28","slug":"fotos","status":"publish","type":"page","link":"https:\/\/congresso.fenafim.org.br\/2024\/fotos\/","title":{"rendered":"Fotos"},"content":{"rendered":"\n<p class=\"has-medium-font-size\">As fotos e v\u00eddeos capturados pela equipe de fot\u00f3grafos est\u00e3o disponibilizados no Google Drive e podem ser acessadas atrav\u00e9s <a href=\"https:\/\/drive.google.com\/drive\/folders\/1wSZAdtaw29xUQmPdeYHtQlfRZ-skyM2K\" target=\"_blank\" rel=\"noopener\">DESTE LINK<\/a>.<\/p>\n","protected":false},"excerpt":{"rendered":"<p>As fotos e v\u00eddeos capturados pela equipe de fot\u00f3grafos est\u00e3o disponibilizados no Google Drive e podem ser acessadas atrav\u00e9s DESTE LINK.<\/p>\n","protected":false},"author":3,"featured_media":0,"parent":0,"menu_order":0,"comment_status":"closed","ping_status":"closed","template":"","meta":{"om_disable_all_campaigns":false,"_monsterinsights_skip_tracking":false,"_monsterinsights_sitenote_active":false,"_monsterinsights_sitenote_note":"","_monsterinsights_sitenote_category":0,"footnotes":""},"aioseo_notices":[],"jetpack_sharing_enabled":true,"_links":{"self":[{"href":"https:\/\/congresso.fenafim.org.br\/2024\/wp-json\/wp\/v2\/pages\/2230"}],"collection":[{"href":"https:\/\/congresso.fenafim.org.br\/2024\/wp-json\/wp\/v2\/pages"}],"about":[{"href":"https:\/\/congresso.fenafim.org.br\/2024\/wp-json\/wp\/v2\/types\/page"}],"author":[{"embeddable":true,"href":"https:\/\/congresso.fenafim.org.br\/2024\/wp-json\/wp\/v2\/users\/3"}],"replies":[{"embeddable":true,"href":"https:\/\/congresso.fenafim.org.br\/2024\/wp-json\/wp\/v2\/comments?post=2230"}],"version-history":[{"count":5,"href":"https:\/\/congresso.fenafim.org.br\/2024\/wp-json\/wp\/v2\/pages\/2230\/revisions"}],"predecessor-version":[{"id":3586,"href":"https:\/\/congresso.fenafim.org.br\/2024\/wp-json\/wp\/v2\/pages\/2230\/revisions\/3586"}],"wp:attachment":[{"href":"https:\/\/congresso.fenafim.org.br\/2024\/wp-json\/wp\/v2\/media?parent=2230"}],"curies":[{"name":"wp","href":"https:\/\/api.w.org\/{rel}","templated":true}]}}